{"id":16,"date":"2020-01-04T03:28:48","date_gmt":"2020-01-04T03:28:48","guid":{"rendered":"https:\/\/copper-wire-recycle.com\/?page_id=16"},"modified":"2024-05-16T16:26:49","modified_gmt":"2024-05-16T08:26:49","slug":"contact-us","status":"publish","type":"page","link":"https:\/\/copper-wire-recycle.com\/vi\/contact-us\/","title":{"rendered":"Li\u00ean h\u1ec7 v\u1edbi ch\u00fang t\u00f4i"},"content":{"rendered":"<div data-elementor-type=\"wp-page\" data-elementor-id=\"16\" class=\"elementor elementor-16\" data-elementor-post-type=\"page\"> \t\t\t\t<div class=\"elementor-element elementor-element-17ea931 e-flex e-con-boxed e-con e-parent\" data-id=\"17ea931\" data-element_type=\"container\" data-e-type=\"container\" data-settings=\"{&quot;background_background&quot;:&quot;classic&quot;}\"> \t\t\t\t\t<div class=\"e-con-inner\"> \t\t<div class=\"elementor-element elementor-element-de6da2f e-con-full e-flex e-con e-child\" data-id=\"de6da2f\" data-element_type=\"container\" data-e-type=\"container\"> \t\t\t\t<div class=\"elementor-element elementor-element-0d023d8 elementor-widget elementor-widget-text-editor\" data-id=\"0d023d8\" data-element_type=\"widget\" data-e-type=\"widget\" data-widget_type=\"text-editor.default\"> \t\t\t\t\t\t\t\t\t<p>Gi\u1eef li\u00ean l\u1ea1c<\/p>\t\t\t\t\t\t\t\t<\/div> \t\t\t\t<div class=\"elementor-element elementor-element-a5733ae elementor-widget elementor-widget-heading\" data-id=\"a5733ae\" data-element_type=\"widget\" data-e-type=\"widget\" data-widget_type=\"heading.default\"> \t\t\t\t\t<h1 class=\"elementor-heading-title elementor-size-default\">Li\u00ean h\u1ec7 v\u1edbi ch\u00fang t\u00f4i<\/h1>\t\t\t\t<\/div> \t\t\t\t<\/div> \t\t\t\t\t<\/div> \t\t\t\t<\/div> \t\t<div class=\"elementor-element elementor-element-7d108da e-flex e-con-boxed e-con e-parent\" data-id=\"7d108da\" data-element_type=\"container\" data-e-type=\"container\"> \t\t\t\t\t<div class=\"e-con-inner\"> \t\t<div class=\"elementor-element elementor-element-c546823 e-con-full e-flex e-con e-child\" data-id=\"c546823\" data-element_type=\"container\" data-e-type=\"container\"> \t\t\t\t<div class=\"elementor-element elementor-element-c6a966f elementor-widget elementor-widget-heading\" data-id=\"c6a966f\" data-element_type=\"widget\" data-e-type=\"widget\" data-widget_type=\"heading.default\"> \t\t\t\t\t<h4 class=\"elementor-heading-title elementor-size-default\">h\u00e3y n\u00f3i chuy\u1ec7n<\/h4>\t\t\t\t<\/div> \t\t\t\t<div class=\"elementor-element elementor-element-c3cd258 elementor-widget elementor-widget-heading\" data-id=\"c3cd258\" data-element_type=\"widget\" data-e-type=\"widget\" data-widget_type=\"heading.default\"> \t\t\t\t\t<h2 class=\"elementor-heading-title elementor-size-default\">ch\u00fang t\u00f4i y\u00eau<br>\u0111\u1ec3 gi\u00fap \u0111\u1ee1<\/h2>\t\t\t\t<\/div> \t\t\t\t<\/div> \t\t<div class=\"elementor-element elementor-element-b48cef6 e-con-full e-flex e-con e-child\" data-id=\"b48cef6\" data-element_type=\"container\" data-e-type=\"container\"> \t\t\t\t<div class=\"elementor-element elementor-element-f139190 elementor-widget elementor-widget-text-editor\" data-id=\"f139190\" data-element_type=\"widget\" data-e-type=\"widget\" data-widget_type=\"text-editor.default\"> \t\t\t\t\t\t\t\t\t<p>1. Gi\u00fap b\u1ea1n mua \u0111\u01b0\u1ee3c chi\u1ebfc m\u00e1y ph\u00f9 h\u1ee3p<br \/>2. Gi\u00fap b\u1ea1n gi\u1ea3i quy\u1ebft c\u00e1c v\u1ea5n \u0111\u1ec1 v\u1ec1 thi\u1ebft k\u1ebf nh\u00e0 m\u00e1y<br \/>3. Gi\u00fap b\u1ea1n c\u00e0i \u0111\u1eb7t v\u00e0 s\u1eed d\u1ee5ng m\u00e1y<\/p><p>Ch\u00fang t\u00f4i cung c\u1ea5p d\u1ecbch v\u1ee5 to\u00e0n di\u1ec7n tr\u01b0\u1edbc v\u00e0 sau b\u00e1n h\u00e0ng. H\u00e3y cho ch\u00fang t\u00f4i bi\u1ebft m\u1ed1i quan t\u00e2m c\u1ee7a b\u1ea1n l\u00e0 g\u00ec \u0111\u1ec3 ch\u00fang t\u00f4i c\u00f3 th\u1ec3 h\u1ed7 tr\u1ee3 b\u1ea1n m\u1ed9t c\u00e1ch ch\u00ednh x\u00e1c nh\u1ea5t<\/p>\t\t\t\t\t\t\t\t<\/div> \t\t\t\t<\/div> \t\t\t\t\t<\/div> \t\t\t\t<\/div> \t\t\t\t<\/div>","protected":false},"excerpt":{"rendered":"<p>Gi\u1eef li\u00ean l\u1ea1c Li\u00ean h\u1ec7 v\u1edbi ch\u00fang t\u00f4i h\u00e3y n\u00f3i chuy\u1ec7n ch\u00fang t\u00f4i y\u00eau th\u00edch \u0111\u1ec3 gi\u00fap \u0111\u1ee1 1. Gi\u00fap b\u1ea1n mua m\u1ed9t chi\u1ebfc m\u00e1y ph\u00f9 h\u1ee3p2. Gi\u00fap b\u1ea1n gi\u1ea3i quy\u1ebft c\u00e1c v\u1ea5n \u0111\u1ec1 v\u1ec1 thi\u1ebft k\u1ebf nh\u00e0 m\u00e1y3. Gi\u00fap b\u1ea1n c\u00e0i \u0111\u1eb7t v\u00e0 s\u1eed d\u1ee5ng m\u00e1y Ch\u00fang t\u00f4i cung c\u1ea5p c\u00e1c d\u1ecbch v\u1ee5 tr\u01b0\u1edbc v\u00e0 sau b\u00e1n h\u00e0ng to\u00e0n di\u1ec7n. H\u00e3y cho ch\u00fang t\u00f4i bi\u1ebft m\u1ed1i quan t\u00e2m c\u1ee7a b\u1ea1n l\u00e0 g\u00ec \u0111\u1ec3 ch\u00fang t\u00f4i c\u00f3 th\u1ec3 h\u1ed7 tr\u1ee3 b\u1ea1n m\u1ed9t c\u00e1ch ch\u00ednh x\u00e1c nh\u1ea5t<\/p>","protected":false},"author":1,"featured_media":0,"parent":0,"menu_order":0,"comment_status":"closed","ping_status":"closed","template":"","meta":{"footnotes":""},"class_list":["post-16","page","type-page","status-publish","hentry"],"_links":{"self":[{"href":"https:\/\/copper-wire-recycle.com\/vi\/wp-json\/wp\/v2\/pages\/16","targetHints":{"allow":["GET"]}}],"collection":[{"href":"https:\/\/copper-wire-recycle.com\/vi\/wp-json\/wp\/v2\/pages"}],"about":[{"href":"https:\/\/copper-wire-recycle.com\/vi\/wp-json\/wp\/v2\/types\/page"}],"author":[{"embeddable":true,"href":"https:\/\/copper-wire-recycle.com\/vi\/wp-json\/wp\/v2\/users\/1"}],"replies":[{"embeddable":true,"href":"https:\/\/copper-wire-recycle.com\/vi\/wp-json\/wp\/v2\/comments?post=16"}],"version-history":[{"count":0,"href":"https:\/\/copper-wire-recycle.com\/vi\/wp-json\/wp\/v2\/pages\/16\/revisions"}],"wp:attachment":[{"href":"https:\/\/copper-wire-recycle.com\/vi\/wp-json\/wp\/v2\/media?parent=16"}],"curies":[{"name":"wp","href":"https:\/\/api.w.org\/{rel}","templated":true}]}}