{"id":12,"date":"2020-01-04T03:28:11","date_gmt":"2020-01-04T03:28:11","guid":{"rendered":"https:\/\/copper-wire-recycle.com\/?page_id=12"},"modified":"2025-04-22T17:50:09","modified_gmt":"2025-04-22T09:50:09","slug":"homepage","status":"publish","type":"page","link":"https:\/\/copper-wire-recycle.com\/fr\/","title":{"rendered":"Page d'accueil"},"content":{"rendered":"<div data-elementor-type=\"wp-page\" data-elementor-id=\"12\" class=\"elementor elementor-12\" data-elementor-post-type=\"page\"> \t\t\t\t<div class=\"elementor-element elementor-element-18c9d2e e-con-full e-flex e-con e-parent\" data-id=\"18c9d2e\" data-element_type=\"container\" data-e-type=\"container\"> \t\t\t\t<div class=\"elementor-element elementor-element-d6b4609 elementor--h-position-center elementor--v-position-middle elementor-arrows-position-inside elementor-pagination-position-inside elementor-widget elementor-widget-slides\" data-id=\"d6b4609\" data-element_type=\"widget\" data-e-type=\"widget\" data-settings=\"{&quot;navigation&quot;:&quot;both&quot;,&quot;autoplay&quot;:&quot;yes&quot;,&quot;pause_on_hover&quot;:&quot;yes&quot;,&quot;pause_on_interaction&quot;:&quot;yes&quot;,&quot;autoplay_speed&quot;:5000,&quot;infinite&quot;:&quot;yes&quot;,&quot;transition&quot;:&quot;slide&quot;,&quot;transition_speed&quot;:500}\" data-widget_type=\"slides.default\"> \t\t\t\t\t\t\t\t\t\t<div class=\"elementor-slides-wrapper elementor-main-swiper swiper\" role=\"region\" aria-roledescription=\"carousel\" aria-label=\"Diapositives\" dir=\"ltr\" data-animation=\"fadeInUp\"> \t\t\t\t<div class=\"swiper-wrapper elementor-slides\"> \t\t\t\t\t\t\t\t\t\t<div class=\"elementor-repeater-item-e5ca147 swiper-slide\" role=\"group\" aria-roledescription=\"slide\"><div class=\"swiper-slide-bg\" role=\"img\" aria-label=\"fournisseur de machine de recyclage de c\u00e2bles et fils\"><\/div><div class=\"swiper-slide-inner\" ><div class=\"swiper-slide-contents\"><\/div><\/div><\/div><div class=\"elementor-repeater-item-158247a swiper-slide\" role=\"group\" aria-roledescription=\"slide\"><div class=\"swiper-slide-bg\" role=\"img\" aria-label=\"granulateur de fil de cuivre\"><\/div><div class=\"swiper-slide-inner\" ><div class=\"swiper-slide-contents\"><\/div><\/div><\/div><div class=\"elementor-repeater-item-4a49dd7 swiper-slide\" role=\"group\" aria-roledescription=\"slide\"><div class=\"swiper-slide-bg\" role=\"img\" aria-label=\"machine de recyclage de fil de cuivre\"><\/div><div class=\"swiper-slide-inner\" ><div class=\"swiper-slide-contents\"><\/div><\/div><\/div>\t\t\t\t<\/div> \t\t\t\t\t\t\t\t\t\t\t\t\t\t\t<div class=\"elementor-swiper-button elementor-swiper-button-prev\" role=\"button\" tabindex=\"0\" aria-label=\"Diapositive pr\u00e9c\u00e9dente\"> \t\t\t\t\t\t\t<svg aria-hidden=\"true\" class=\"e-font-icon-svg e-eicon-chevron-left\" viewbox=\"0 0 1000 1000\" xmlns=\"http:\/\/www.w3.org\/2000\/svg\"><path d=\"M646 125C629 125 613 133 604 142L308 442C296 454 292 471 292 487 292 504 296 521 308 533L604 854C617 867 629 875 646 875 663 875 679 871 692 858 704 846 713 829 713 812 713 796 708 779 692 767L438 487 692 225C700 217 708 204 708 187 708 171 704 154 692 142 675 129 663 125 646 125Z\"><\/path><\/svg>\t\t\t\t\t\t<\/div> \t\t\t\t\t\t<div class=\"elementor-swiper-button elementor-swiper-button-next\" role=\"button\" tabindex=\"0\" aria-label=\"Diapositive suivante\"> \t\t\t\t\t\t\t<svg aria-hidden=\"true\" class=\"e-font-icon-svg e-eicon-chevron-right\" viewbox=\"0 0 1000 1000\" xmlns=\"http:\/\/www.w3.org\/2000\/svg\"><path d=\"M696 533C708 521 713 504 713 487 713 471 708 454 696 446L400 146C388 133 375 125 354 125 338 125 325 129 313 142 300 154 292 171 292 187 292 204 296 221 308 233L563 492 304 771C292 783 288 800 288 817 288 833 296 850 308 863 321 871 338 875 354 875 371 875 388 867 400 854L696 533Z\"><\/path><\/svg>\t\t\t\t\t\t<\/div> \t\t\t\t\t\t\t\t\t\t\t\t\t\t\t\t<div class=\"swiper-pagination\"><\/div> \t\t\t\t\t\t\t\t\t\t\t\t<\/div> \t\t\t\t\t\t\t\t<\/div> \t\t\t\t<\/div> \t\t<div class=\"elementor-element elementor-element-d629f4a e-flex e-con-boxed e-con e-parent\" data-id=\"d629f4a\" data-element_type=\"container\" data-e-type=\"container\"> \t\t\t\t\t<div class=\"e-con-inner\"> \t\t<div class=\"elementor-element elementor-element-74b80be e-con-full e-flex e-con e-child\" data-id=\"74b80be\" data-element_type=\"container\" data-e-type=\"container\"> \t\t\t\t<div class=\"elementor-element elementor-element-a6e9c00 elementor-widget elementor-widget-heading\" data-id=\"a6e9c00\" data-element_type=\"widget\" data-e-type=\"widget\" data-widget_type=\"heading.default\"> \t\t\t\t\t<h2 class=\"elementor-heading-title elementor-size-large\">Machines Shuliy<\/h2>\t\t\t\t<\/div> \t\t\t\t<div class=\"elementor-element elementor-element-096c15b elementor-widget-divider--view-line elementor-widget elementor-widget-divider\" data-id=\"096c15b\" data-element_type=\"widget\" data-e-type=\"widget\" data-widget_type=\"divider.default\"> \t\t\t\t\t\t\t<div class=\"elementor-divider\"> \t\t\t<span class=\"elementor-divider-separator\"> \t\t\t\t\t\t<\/span> \t\t<\/div> \t\t\t\t\t\t<\/div> \t\t\t\t<div class=\"elementor-element elementor-element-affdc60 elementor-widget elementor-widget-text-editor\" data-id=\"affdc60\" data-element_type=\"widget\" data-e-type=\"widget\" data-widget_type=\"text-editor.default\"> \t\t\t\t\t\t\t\t\t<p>Shuliy Machinery a \u00e9t\u00e9 fond\u00e9e en 2011. Notre soci\u00e9t\u00e9 poss\u00e8de de nombreuses ann\u00e9es d'exp\u00e9rience dans la R&amp;D, la production et la vente de s\u00e9parateurs cuivre-plastique (\u00e9quipement de recyclage de fil de cuivre).<\/p><p>Depuis sa cr\u00e9ation, notre champ de vente n'a cess\u00e9 de s'\u00e9largir et nous avons d\u00e9sormais \u00e9tabli de bonnes relations de coop\u00e9ration commerciale avec de nombreux pays \u00e0 travers le monde.<\/p>\t\t\t\t\t\t\t\t<\/div> \t\t\t\t<\/div> \t\t<div class=\"elementor-element elementor-element-8f057e5 e-con-full e-flex e-con e-child\" data-id=\"8f057e5\" data-element_type=\"container\" data-e-type=\"container\"> \t\t\t\t<div class=\"elementor-element elementor-element-3657be2 elementor-widget elementor-widget-image\" data-id=\"3657be2\" data-element_type=\"widget\" data-e-type=\"widget\" data-widget_type=\"image.default\"> \t\t\t\t\t\t\t\t\t\t\t\t\t\t\t<img fetchpriority=\"high\" decoding=\"async\" width=\"720\" height=\"540\" src=\"https:\/\/copper-wire-recycle.com\/wp-content\/uploads\/2020\/01\/shuliy-machinery.jpg\" class=\"attachment-large size-large wp-image-151\" alt=\"machines-shuliy\" srcset=\"https:\/\/copper-wire-recycle.com\/wp-content\/uploads\/2020\/01\/shuliy-machinery.jpg 720w, https:\/\/copper-wire-recycle.com\/wp-content\/uploads\/2020\/01\/shuliy-machinery-300x225.jpg 300w\" sizes=\"(max-width: 720px) 100vw, 720px\" \/>\t\t\t\t\t\t\t\t\t\t\t\t\t\t\t<\/div> \t\t\t\t<\/div> \t\t\t\t\t<\/div> \t\t\t\t<\/div> \t\t<div class=\"elementor-element elementor-element-309cb51 e-con-full e-flex e-con e-parent\" data-id=\"309cb51\" data-element_type=\"container\" data-e-type=\"container\"> \t\t\t\t<div class=\"elementor-element elementor-element-99e8df9 elementor-widget-divider--separator-type-pattern elementor-widget-divider--view-line elementor-widget elementor-widget-divider\" data-id=\"99e8df9\" data-element_type=\"widget\" data-e-type=\"widget\" data-widget_type=\"divider.default\"> \t\t\t\t\t\t\t<div class=\"elementor-divider\" style=\"--divider-pattern-url: url(&quot;data:image\/svg+xml,%3Csvg xmlns=&#039;http:\/\/www.w3.org\/2000\/svg&#039; preserveAspectRatio=&#039;none&#039; overflow=&#039;visible&#039; height=&#039;100%&#039; viewBox=&#039;0 0 20 16&#039; fill=&#039;none&#039; stroke=&#039;black&#039; stroke-width=&#039;1&#039; stroke-linecap=&#039;square&#039; stroke-miterlimit=&#039;10&#039;%3E%3Cg transform=&#039;translate(-12.000000, 0)&#039;%3E%3Cpath d=&#039;M28,0L10,18&#039;\/%3E%3Cpath d=&#039;M18,0L0,18&#039;\/%3E%3Cpath d=&#039;M48,0L30,18&#039;\/%3E%3Cpath d=&#039;M38,0L20,18&#039;\/%3E%3C\/g%3E%3C\/svg%3E&quot;);\"> \t\t\t<span class=\"elementor-divider-separator\"> \t\t\t\t\t\t<\/span> \t\t<\/div> \t\t\t\t\t\t<\/div> \t\t\t\t<\/div> \t\t<div class=\"elementor-element elementor-element-aa12f5b e-flex e-con-boxed e-con e-parent\" data-id=\"aa12f5b\" data-element_type=\"container\" data-e-type=\"container\"> \t\t\t\t\t<div class=\"e-con-inner\"> \t\t\t\t<div class=\"elementor-element elementor-element-515b023 elementor-widget elementor-widget-heading\" data-id=\"515b023\" data-element_type=\"widget\" data-e-type=\"widget\" data-widget_type=\"heading.default\"> \t\t\t\t\t<h2 class=\"elementor-heading-title elementor-size-medium\">Liste de produits<\/h2>\t\t\t\t<\/div> \t\t\t\t<div class=\"elementor-element elementor-element-8e1d967 elementor-widget-divider--view-line elementor-widget elementor-widget-divider\" data-id=\"8e1d967\" data-element_type=\"widget\" data-e-type=\"widget\" data-widget_type=\"divider.default\"> \t\t\t\t\t\t\t<div class=\"elementor-divider\"> \t\t\t<span class=\"elementor-divider-separator\"> \t\t\t\t\t\t<\/span> \t\t<\/div> \t\t\t\t\t\t<\/div> \t\t\t\t<div class=\"elementor-element elementor-element-6569657 elementor-posts--align-center elementor-grid-3 elementor-grid-tablet-2 elementor-grid-mobile-1 elementor-posts--thumbnail-top elementor-widget elementor-widget-posts\" data-id=\"6569657\" data-element_type=\"widget\" data-e-type=\"widget\" data-settings=\"{&quot;classic_row_gap&quot;:{&quot;unit&quot;:&quot;rem&quot;,&quot;size&quot;:3,&quot;sizes&quot;:[]},&quot;classic_row_gap_tablet&quot;:{&quot;unit&quot;:&quot;rem&quot;,&quot;size&quot;:2,&quot;sizes&quot;:[]},&quot;classic_row_gap_mobile&quot;:{&quot;unit&quot;:&quot;rem&quot;,&quot;size&quot;:2.5,&quot;sizes&quot;:[]},&quot;classic_columns&quot;:&quot;3&quot;,&quot;classic_columns_tablet&quot;:&quot;2&quot;,&quot;classic_columns_mobile&quot;:&quot;1&quot;}\" data-widget_type=\"posts.classic\"> \t\t\t\t<div class=\"elementor-widget-container\"> \t\t\t\t\t\t\t<div class=\"elementor-posts-container elementor-posts elementor-posts--skin-classic elementor-grid\" role=\"list\"> \t\t\t\t<article class=\"elementor-post elementor-grid-item post-697 post type-post status-publish format-standard has-post-thumbnail hentry category-product category-cable-recycling-equipment tag-copper-wire-granulator-machine\" role=\"listitem\"> \t\t\t\t<a class=\"elementor-post__thumbnail__link\" href=\"https:\/\/copper-wire-recycle.com\/fr\/aluminum-wire-recycling-granulator-machine\/\" tabindex=\"-1\" > \t\t\t<div class=\"elementor-post__thumbnail\"><img decoding=\"async\" width=\"720\" height=\"540\" src=\"https:\/\/copper-wire-recycle.com\/wp-content\/uploads\/2022\/05\/copper-wire-granulator.webp\" class=\"attachment-full size-full wp-image-862\" alt=\"granulateur de fil de cuivre\" \/><\/div> \t\t<\/a> \t\t\t\t<div class=\"elementor-post__text\"> \t\t\t\t<h3 class=\"elementor-post__title\"> \t\t\t<a href=\"https:\/\/copper-wire-recycle.com\/fr\/aluminum-wire-recycling-granulator-machine\/\" > \t\t\t\tMachine de recyclage de c\u00e2bles en aluminium\t\t\t<\/a> \t\t<\/h3> \t\t\t\t<\/div> \t\t\t\t<\/article> \t\t\t\t<article class=\"elementor-post elementor-grid-item post-638 post type-post status-publish format-standard has-post-thumbnail hentry category-product category-aluminum-plastic-separator-machine tag-metal-recycling\" role=\"listitem\"> \t\t\t\t<a class=\"elementor-post__thumbnail__link\" href=\"https:\/\/copper-wire-recycle.com\/fr\/acp-separator-machine-aluminum-composite-panels-recycling-machine\/\" tabindex=\"-1\" > \t\t\t<div class=\"elementor-post__thumbnail\"><img decoding=\"async\" width=\"720\" height=\"540\" src=\"https:\/\/copper-wire-recycle.com\/wp-content\/uploads\/2022\/04\/ACP-separator-machine.jpg\" class=\"attachment-full size-full wp-image-641\" alt=\"Machine de s\u00e9paration ACP\" \/><\/div> \t\t<\/a> \t\t\t\t<div class=\"elementor-post__text\"> \t\t\t\t<h3 class=\"elementor-post__title\"> \t\t\t<a href=\"https:\/\/copper-wire-recycle.com\/fr\/acp-separator-machine-aluminum-composite-panels-recycling-machine\/\" > \t\t\t\tMachine de s\u00e9paration ACP | machine de recyclage de panneaux composites en aluminium\t\t\t<\/a> \t\t<\/h3> \t\t\t\t<\/div> \t\t\t\t<\/article> \t\t\t\t<article class=\"elementor-post elementor-grid-item post-604 post type-post status-publish format-standard has-post-thumbnail hentry category-product category-aluminum-plastic-separator-machine tag-aluminum-recycling-machine\" role=\"listitem\"> \t\t\t\t<a class=\"elementor-post__thumbnail__link\" href=\"https:\/\/copper-wire-recycle.com\/fr\/aluminum-plastic-separator-machine\/\" tabindex=\"-1\" > \t\t\t<div class=\"elementor-post__thumbnail\"><img loading=\"lazy\" decoding=\"async\" width=\"720\" height=\"540\" src=\"https:\/\/copper-wire-recycle.com\/wp-content\/uploads\/2022\/03\/Blister-pack-aluminum-plastic-separator-machine.jpg\" class=\"attachment-full size-full wp-image-617\" alt=\"Machine de s\u00e9paration de plastique en aluminium sous blister\" \/><\/div> \t\t<\/a> \t\t\t\t<div class=\"elementor-post__text\"> \t\t\t\t<h3 class=\"elementor-post__title\"> \t\t\t<a href=\"https:\/\/copper-wire-recycle.com\/fr\/aluminum-plastic-separator-machine\/\" > \t\t\t\tMachine de s\u00e9paration de plastique en aluminium\t\t\t<\/a> \t\t<\/h3> \t\t\t\t<\/div> \t\t\t\t<\/article> \t\t\t\t<article class=\"elementor-post elementor-grid-item post-542 post type-post status-publish format-standard has-post-thumbnail hentry category-product category-cable-recycling-equipment tag-copper-wire-stripping-machine\" role=\"listitem\"> \t\t\t\t<a class=\"elementor-post__thumbnail__link\" href=\"https:\/\/copper-wire-recycle.com\/fr\/copper-wire-stripping-machine-electric-wire-stripper\/\" tabindex=\"-1\" > \t\t\t<div class=\"elementor-post__thumbnail\"><img loading=\"lazy\" decoding=\"async\" width=\"750\" height=\"750\" src=\"https:\/\/copper-wire-recycle.com\/wp-content\/uploads\/2021\/12\/1.jpg\" class=\"attachment-full size-full wp-image-546\" alt=\"machine \u00e0 d\u00e9nuder les fils de cuivre\" \/><\/div> \t\t<\/a> \t\t\t\t<div class=\"elementor-post__text\"> \t\t\t\t<h3 class=\"elementor-post__title\"> \t\t\t<a href=\"https:\/\/copper-wire-recycle.com\/fr\/copper-wire-stripping-machine-electric-wire-stripper\/\" > \t\t\t\tMachine \u00e0 d\u00e9nuder les fils de cuivre | Pince \u00e0 d\u00e9nuder \u00e9lectrique\t\t\t<\/a> \t\t<\/h3> \t\t\t\t<\/div> \t\t\t\t<\/article> \t\t\t\t<article class=\"elementor-post elementor-grid-item post-523 post type-post status-publish format-standard has-post-thumbnail hentry category-product category-electrostatic-separator tag-double-shaft-plastic-shredder tag-scrap-tyre-shredding-machine\" role=\"listitem\"> \t\t\t\t<a class=\"elementor-post__thumbnail__link\" href=\"https:\/\/copper-wire-recycle.com\/fr\/scrap-tyre-shredding-machine-waste-tire-shredder\/\" tabindex=\"-1\" > \t\t\t<div class=\"elementor-post__thumbnail\"><img loading=\"lazy\" decoding=\"async\" width=\"720\" height=\"540\" src=\"https:\/\/copper-wire-recycle.com\/wp-content\/uploads\/2021\/12\/waste-tyre-shredding-machine.jpg\" class=\"attachment-full size-full wp-image-769\" alt=\"machine de d\u00e9chiquetage de pneus usag\u00e9s\" \/><\/div> \t\t<\/a> \t\t\t\t<div class=\"elementor-post__text\"> \t\t\t\t<h3 class=\"elementor-post__title\"> \t\t\t<a href=\"https:\/\/copper-wire-recycle.com\/fr\/scrap-tyre-shredding-machine-waste-tire-shredder\/\" > \t\t\t\tComment arracher des pneus usag\u00e9s ? Machine de d\u00e9chiquetage de pneus usag\u00e9s\t\t\t<\/a> \t\t<\/h3> \t\t\t\t<\/div> \t\t\t\t<\/article> \t\t\t\t<article class=\"elementor-post elementor-grid-item post-491 post type-post status-publish format-standard has-post-thumbnail hentry category-product category-cable-recycling-equipment tag-scrap-wire-crushing-machine\" role=\"listitem\"> \t\t\t\t<a class=\"elementor-post__thumbnail__link\" href=\"https:\/\/copper-wire-recycle.com\/fr\/scrap-wire-crushing-machine-waste-plastic-crusher\/\" tabindex=\"-1\" > \t\t\t<div class=\"elementor-post__thumbnail\"><img loading=\"lazy\" decoding=\"async\" width=\"720\" height=\"540\" src=\"https:\/\/copper-wire-recycle.com\/wp-content\/uploads\/2021\/11\/0-scrap-wire-crushing-machine.jpg\" class=\"attachment-full size-full wp-image-499\" alt=\"machine de concassage de fil de ferraille\" \/><\/div> \t\t<\/a> \t\t\t\t<div class=\"elementor-post__text\"> \t\t\t\t<h3 class=\"elementor-post__title\"> \t\t\t<a href=\"https:\/\/copper-wire-recycle.com\/fr\/scrap-wire-crushing-machine-waste-plastic-crusher\/\" > \t\t\t\tMachine de concassage de fil de ferraille | Broyeur de d\u00e9chets en plastique\t\t\t<\/a> \t\t<\/h3> \t\t\t\t<\/div> \t\t\t\t<\/article> \t\t\t\t<\/div> \t\t \t\t\t\t\t\t<\/div> \t\t\t\t<\/div> \t\t\t\t\t<\/div> \t\t\t\t<\/div> \t\t<div class=\"elementor-element elementor-element-51f8bcc e-flex e-con-boxed e-con e-parent\" data-id=\"51f8bcc\" data-element_type=\"container\" data-e-type=\"container\"> \t\t\t\t\t<div class=\"e-con-inner\"> \t\t\t\t<div class=\"elementor-element elementor-element-3ab32b4 elementor-widget elementor-widget-heading\" data-id=\"3ab32b4\" data-element_type=\"widget\" data-e-type=\"widget\" data-widget_type=\"heading.default\"> \t\t\t\t\t<h2 class=\"elementor-heading-title elementor-size-medium\">Domaine d'application<\/h2>\t\t\t\t<\/div> \t\t\t\t<div class=\"elementor-element elementor-element-ed12f03 elementor-widget-divider--view-line elementor-widget elementor-widget-divider\" data-id=\"ed12f03\" data-element_type=\"widget\" data-e-type=\"widget\" data-widget_type=\"divider.default\"> \t\t\t\t\t\t\t<div class=\"elementor-divider\"> \t\t\t<span class=\"elementor-divider-separator\"> \t\t\t\t\t\t<\/span> \t\t<\/div> \t\t\t\t\t\t<\/div> \t\t\t\t<div class=\"elementor-element elementor-element-6362b36 elementor-skin-carousel elementor-arrows-yes elementor-pagination-type-bullets elementor-pagination-position-outside elementor-widget elementor-widget-media-carousel\" data-id=\"6362b36\" data-element_type=\"widget\" data-e-type=\"widget\" data-settings=\"{&quot;slides_per_view&quot;:&quot;4&quot;,&quot;skin&quot;:&quot;carousel&quot;,&quot;effect&quot;:&quot;slide&quot;,&quot;show_arrows&quot;:&quot;yes&quot;,&quot;pagination&quot;:&quot;bullets&quot;,&quot;speed&quot;:500,&quot;autoplay&quot;:&quot;yes&quot;,&quot;autoplay_speed&quot;:5000,&quot;loop&quot;:&quot;yes&quot;,&quot;pause_on_hover&quot;:&quot;yes&quot;,&quot;pause_on_interaction&quot;:&quot;yes&quot;,&quot;space_between&quot;:{&quot;unit&quot;:&quot;px&quot;,&quot;size&quot;:10,&quot;sizes&quot;:[]},&quot;space_between_tablet&quot;:{&quot;unit&quot;:&quot;px&quot;,&quot;size&quot;:10,&quot;sizes&quot;:[]},&quot;space_between_mobile&quot;:{&quot;unit&quot;:&quot;px&quot;,&quot;size&quot;:10,&quot;sizes&quot;:[]}}\" data-widget_type=\"media-carousel.default\"> \t\t\t\t\t\t\t\t\t\t<div class=\"elementor-main-swiper swiper\" role=\"region\" aria-roledescription=\"carousel\" aria-label=\"Diapositives\"> \t\t\t\t<div class=\"swiper-wrapper\"> \t\t\t\t\t\t\t\t\t\t\t<div class=\"swiper-slide\" role=\"group\" aria-roledescription=\"slide\"> \t\t\t\t\t\t\t\t\t<div class=\"elementor-carousel-image\" role=\"img\" aria-label=\"C\u00e2ble r\u00e9seau informatique\" style=\"background-image: url(&#039;https:\/\/copper-wire-recycle.com\/wp-content\/uploads\/2020\/01\/Computer-network-cable.jpg&#039;)\">  \t\t\t \t\t\t\t\t<\/div> \t\t\t\t\t\t\t\t<\/div> \t\t\t\t\t\t\t\t\t\t\t<div class=\"swiper-slide\" role=\"group\" aria-roledescription=\"slide\"> \t\t\t\t\t\t\t\t\t<div class=\"elementor-carousel-image\" role=\"img\" aria-label=\"fils de cuivre\" style=\"background-image: url(&#039;https:\/\/copper-wire-recycle.com\/wp-content\/uploads\/2020\/01\/copper-wires.jpg&#039;)\">  \t\t\t \t\t\t\t\t<\/div> \t\t\t\t\t\t\t\t<\/div> \t\t\t\t\t\t\t\t\t\t\t<div class=\"swiper-slide\" role=\"group\" aria-roledescription=\"slide\"> \t\t\t\t\t\t\t\t\t<div class=\"elementor-carousel-image\" role=\"img\" aria-label=\"Fils \u00e9lectriques pour appareils \u00e9lectrom\u00e9nagers\" style=\"background-image: url(&#039;https:\/\/copper-wire-recycle.com\/wp-content\/uploads\/2020\/01\/Electrical-wires-for-household-appliances.jpg&#039;)\">  \t\t\t \t\t\t\t\t<\/div> \t\t\t\t\t\t\t\t<\/div> \t\t\t\t\t\t\t\t\t\t\t<div class=\"swiper-slide\" role=\"group\" aria-roledescription=\"slide\"> \t\t\t\t\t\t\t\t\t<div class=\"elementor-carousel-image\" role=\"img\" aria-label=\"C\u00e2ble casque\" style=\"background-image: url(&#039;https:\/\/copper-wire-recycle.com\/wp-content\/uploads\/2020\/01\/Headphone-cable.jpg&#039;)\">  \t\t\t \t\t\t\t\t<\/div> \t\t\t\t\t\t\t\t<\/div> \t\t\t\t\t\t\t\t\t\t\t<div class=\"swiper-slide\" role=\"group\" aria-roledescription=\"slide\"> \t\t\t\t\t\t\t\t\t<div class=\"elementor-carousel-image\" role=\"img\" aria-label=\"Divers fils\" style=\"background-image: url(&#039;https:\/\/copper-wire-recycle.com\/wp-content\/uploads\/2020\/01\/Various-wires.jpg&#039;)\">  \t\t\t \t\t\t\t\t<\/div> \t\t\t\t\t\t\t\t<\/div> \t\t\t\t\t\t\t\t\t\t\t<div class=\"swiper-slide\" role=\"group\" aria-roledescription=\"slide\"> \t\t\t\t\t\t\t\t\t<div class=\"elementor-carousel-image\" role=\"img\" aria-label=\"Ligne de donn\u00e9es de t\u00e9l\u00e9phone portable\" style=\"background-image: url(&#039;https:\/\/copper-wire-recycle.com\/wp-content\/uploads\/2020\/01\/Cellphone-data-line.jpg&#039;)\">  \t\t\t \t\t\t\t\t<\/div> \t\t\t\t\t\t\t\t<\/div> \t\t\t\t\t\t\t\t\t<\/div> \t\t\t\t\t\t\t\t\t\t\t\t\t\t\t<div class=\"elementor-swiper-button elementor-swiper-button-prev\" role=\"button\" tabindex=\"0\" aria-label=\"Pr\u00e9c\u00e9dent\"> \t\t\t\t\t\t\t<svg aria-hidden=\"true\" class=\"e-font-icon-svg e-eicon-chevron-left\" viewbox=\"0 0 1000 1000\" xmlns=\"http:\/\/www.w3.org\/2000\/svg\"><path d=\"M646 125C629 125 613 133 604 142L308 442C296 454 292 471 292 487 292 504 296 521 308 533L604 854C617 867 629 875 646 875 663 875 679 871 692 858 704 846 713 829 713 812 713 796 708 779 692 767L438 487 692 225C700 217 708 204 708 187 708 171 704 154 692 142 675 129 663 125 646 125Z\"><\/path><\/svg>\t\t\t\t\t\t<\/div> \t\t\t\t\t\t<div class=\"elementor-swiper-button elementor-swiper-button-next\" role=\"button\" tabindex=\"0\" aria-label=\"Suivant\"> \t\t\t\t\t\t\t<svg aria-hidden=\"true\" class=\"e-font-icon-svg e-eicon-chevron-right\" viewbox=\"0 0 1000 1000\" xmlns=\"http:\/\/www.w3.org\/2000\/svg\"><path d=\"M696 533C708 521 713 504 713 487 713 471 708 454 696 446L400 146C388 133 375 125 354 125 338 125 325 129 313 142 300 154 292 171 292 187 292 204 296 221 308 233L563 492 304 771C292 783 288 800 288 817 288 833 296 850 308 863 321 871 338 875 354 875 371 875 388 867 400 854L696 533Z\"><\/path><\/svg>\t\t\t\t\t\t<\/div> \t\t\t\t\t\t\t\t\t\t\t\t\t\t\t\t<div class=\"swiper-pagination\"><\/div> \t\t\t\t\t\t\t\t\t\t\t\t<\/div> \t\t\t\t\t\t\t\t<\/div> \t\t\t\t\t<\/div> \t\t\t\t<\/div> \t\t\t\t<\/div>","protected":false},"excerpt":{"rendered":"<p>Shuliy Machinery Shuliy Machinery a \u00e9t\u00e9 fond\u00e9e en 2011. Notre entreprise a de nombreuses ann\u00e9es d'exp\u00e9rience dans la R&amp;D, la production et la vente de s\u00e9parateurs cuivre-plastique (cuivre<\/p>","protected":false},"author":1,"featured_media":0,"parent":0,"menu_order":0,"comment_status":"closed","ping_status":"closed","template":"","meta":{"footnotes":""},"class_list":["post-12","page","type-page","status-publish","hentry"],"_links":{"self":[{"href":"https:\/\/copper-wire-recycle.com\/fr\/wp-json\/wp\/v2\/pages\/12","targetHints":{"allow":["GET"]}}],"collection":[{"href":"https:\/\/copper-wire-recycle.com\/fr\/wp-json\/wp\/v2\/pages"}],"about":[{"href":"https:\/\/copper-wire-recycle.com\/fr\/wp-json\/wp\/v2\/types\/page"}],"author":[{"embeddable":true,"href":"https:\/\/copper-wire-recycle.com\/fr\/wp-json\/wp\/v2\/users\/1"}],"replies":[{"embeddable":true,"href":"https:\/\/copper-wire-recycle.com\/fr\/wp-json\/wp\/v2\/comments?post=12"}],"version-history":[{"count":0,"href":"https:\/\/copper-wire-recycle.com\/fr\/wp-json\/wp\/v2\/pages\/12\/revisions"}],"wp:attachment":[{"href":"https:\/\/copper-wire-recycle.com\/fr\/wp-json\/wp\/v2\/media?parent=12"}],"curies":[{"name":"wp","href":"https:\/\/api.w.org\/{rel}","templated":true}]}}