{"id":16,"date":"2020-01-04T03:28:48","date_gmt":"2020-01-04T03:28:48","guid":{"rendered":"https:\/\/copper-wire-recycle.com\/?page_id=16"},"modified":"2024-05-16T16:26:49","modified_gmt":"2024-05-16T08:26:49","slug":"contact-us","status":"publish","type":"page","link":"https:\/\/copper-wire-recycle.com\/es\/contact-us\/","title":{"rendered":"Cont\u00e1ctenos"},"content":{"rendered":"<div data-elementor-type=\"wp-page\" data-elementor-id=\"16\" class=\"elementor elementor-16\" data-elementor-post-type=\"page\"> \t\t\t\t<div class=\"elementor-element elementor-element-17ea931 e-flex e-con-boxed e-con e-parent\" data-id=\"17ea931\" data-element_type=\"container\" data-e-type=\"container\" data-settings=\"{&quot;background_background&quot;:&quot;classic&quot;}\"> \t\t\t\t\t<div class=\"e-con-inner\"> \t\t<div class=\"elementor-element elementor-element-de6da2f e-con-full e-flex e-con e-child\" data-id=\"de6da2f\" data-element_type=\"container\" data-e-type=\"container\"> \t\t\t\t<div class=\"elementor-element elementor-element-0d023d8 elementor-widget elementor-widget-text-editor\" data-id=\"0d023d8\" data-element_type=\"widget\" data-e-type=\"widget\" data-widget_type=\"text-editor.default\"> \t\t\t\t\t\t\t\t\t<p>Mantenerse en contacto<\/p>\t\t\t\t\t\t\t\t<\/div> \t\t\t\t<div class=\"elementor-element elementor-element-a5733ae elementor-widget elementor-widget-heading\" data-id=\"a5733ae\" data-element_type=\"widget\" data-e-type=\"widget\" data-widget_type=\"heading.default\"> \t\t\t\t\t<h1 class=\"elementor-heading-title elementor-size-default\">Cont\u00e1ctenos<\/h1>\t\t\t\t<\/div> \t\t\t\t<\/div> \t\t\t\t\t<\/div> \t\t\t\t<\/div> \t\t<div class=\"elementor-element elementor-element-7d108da e-flex e-con-boxed e-con e-parent\" data-id=\"7d108da\" data-element_type=\"container\" data-e-type=\"container\"> \t\t\t\t\t<div class=\"e-con-inner\"> \t\t<div class=\"elementor-element elementor-element-c546823 e-con-full e-flex e-con e-child\" data-id=\"c546823\" data-element_type=\"container\" data-e-type=\"container\"> \t\t\t\t<div class=\"elementor-element elementor-element-c6a966f elementor-widget elementor-widget-heading\" data-id=\"c6a966f\" data-element_type=\"widget\" data-e-type=\"widget\" data-widget_type=\"heading.default\"> \t\t\t\t\t<h4 class=\"elementor-heading-title elementor-size-default\">hablemos<\/h4>\t\t\t\t<\/div> \t\t\t\t<div class=\"elementor-element elementor-element-c3cd258 elementor-widget elementor-widget-heading\" data-id=\"c3cd258\" data-element_type=\"widget\" data-e-type=\"widget\" data-widget_type=\"heading.default\"> \t\t\t\t\t<h2 class=\"elementor-heading-title elementor-size-default\">nos encanta<br>ayudar<\/h2>\t\t\t\t<\/div> \t\t\t\t<\/div> \t\t<div class=\"elementor-element elementor-element-b48cef6 e-con-full e-flex e-con e-child\" data-id=\"b48cef6\" data-element_type=\"container\" data-e-type=\"container\"> \t\t\t\t<div class=\"elementor-element elementor-element-f139190 elementor-widget elementor-widget-text-editor\" data-id=\"f139190\" data-element_type=\"widget\" data-e-type=\"widget\" data-widget_type=\"text-editor.default\"> \t\t\t\t\t\t\t\t\t<p>1. Ayudarle a comprar una m\u00e1quina adecuada<br \/>2. Ayudarle a resolver problemas de dise\u00f1o de plantas.<br \/>3. Ayudarle a instalar y utilizar la m\u00e1quina.<\/p><p>Brindamos servicios integrales de preventa y posventa. H\u00e1ganos saber cu\u00e1les son sus inquietudes para que podamos ayudarlo con mayor precisi\u00f3n.<\/p>\t\t\t\t\t\t\t\t<\/div> \t\t\t\t<\/div> \t\t\t\t\t<\/div> \t\t\t\t<\/div> \t\t\t\t<\/div>","protected":false},"excerpt":{"rendered":"<p>Mant\u00e9ngase en contacto Cont\u00e1ctenos, hablemos, nos encanta ayudar 1. Ayudarlo a comprar una m\u00e1quina adecuada2. Ayudarle a resolver problemas de dise\u00f1o de plantas3. Le ayudamos a instalar y utilizar la m\u00e1quina. Ofrecemos servicios integrales de preventa y posventa. H\u00e1ganos saber cu\u00e1les son sus inquietudes para que podamos ayudarlo con mayor precisi\u00f3n.<\/p>","protected":false},"author":1,"featured_media":0,"parent":0,"menu_order":0,"comment_status":"closed","ping_status":"closed","template":"","meta":{"footnotes":""},"class_list":["post-16","page","type-page","status-publish","hentry"],"_links":{"self":[{"href":"https:\/\/copper-wire-recycle.com\/es\/wp-json\/wp\/v2\/pages\/16","targetHints":{"allow":["GET"]}}],"collection":[{"href":"https:\/\/copper-wire-recycle.com\/es\/wp-json\/wp\/v2\/pages"}],"about":[{"href":"https:\/\/copper-wire-recycle.com\/es\/wp-json\/wp\/v2\/types\/page"}],"author":[{"embeddable":true,"href":"https:\/\/copper-wire-recycle.com\/es\/wp-json\/wp\/v2\/users\/1"}],"replies":[{"embeddable":true,"href":"https:\/\/copper-wire-recycle.com\/es\/wp-json\/wp\/v2\/comments?post=16"}],"version-history":[{"count":0,"href":"https:\/\/copper-wire-recycle.com\/es\/wp-json\/wp\/v2\/pages\/16\/revisions"}],"wp:attachment":[{"href":"https:\/\/copper-wire-recycle.com\/es\/wp-json\/wp\/v2\/media?parent=16"}],"curies":[{"name":"wp","href":"https:\/\/api.w.org\/{rel}","templated":true}]}}